{"id":11,"date":"2011-06-27T15:20:07","date_gmt":"2011-06-27T15:20:07","guid":{"rendered":"http:\/\/deporte.com.br\/?page_id=11"},"modified":"2023-07-13T13:41:48","modified_gmt":"2023-07-13T13:41:48","slug":"localizacao","status":"publish","type":"page","link":"http:\/\/deporte.com.br\/?page_id=11","title":{"rendered":"Localiza\u00e7\u00e3o"},"content":{"rendered":"<p>Av. Engenheiro Caetano \u00c1lvares, 7570 &#8211; Imirim<\/p>\n<p>CEP: 02413-200 &#8211; S\u00e3o Paulo &#8211; SP<\/p>\n<p><iframe loading=\"lazy\" style=\"border: 0;\" src=\"https:\/\/www.google.com\/maps\/embed?pb=!1m18!1m12!1m3!1d3659.641093073222!2d-46.6262348!3d-23.47340729999996!2m3!1f0!2f0!3f0!3m2!1i1024!2i768!4f13.1!3m3!1m2!1s0x94cef6514d306a37%3A0x7ab479134d8b25c3!2sAv.+Eng.+Caetano+%C3%81lvares%2C+7570+-+Imirim!5e0!3m2!1spt-BR!2sbr!4v1404410201854\" width=\"900\" height=\"600\" frameborder=\"0\"><\/iframe><\/p>\n","protected":false},"excerpt":{"rendered":"<p>Av. Engenheiro Caetano \u00c1lvares, 7570 &#8211; Imirim CEP: 02413-200 &#8211; S\u00e3o Paulo &#8211; SP<\/p>\n","protected":false},"author":1,"featured_media":0,"parent":0,"menu_order":3,"comment_status":"open","ping_status":"closed","template":"page-sidebar.php","meta":{"footnotes":""},"class_list":["post-11","page","type-page","status-publish","hentry"],"yoast_head":"<!-- This site is optimized with the Yoast SEO plugin v24.4 - https:\/\/yoast.com\/wordpress\/plugins\/seo\/ -->\n<title>Localiza\u00e7\u00e3o - Deporte Brindes Importadora<\/title>\n<meta name=\"robots\" content=\"index, follow, max-snippet:-1, max-image-preview:large, max-video-preview:-1\" \/>\n<link rel=\"canonical\" href=\"http:\/\/deporte.com.br\/?page_id=11\" \/>\n<script type=\"application\/ld+json\" class=\"yoast-schema-graph\">{\"@context\":\"https:\/\/schema.org\",\"@graph\":[{\"@type\":\"WebPage\",\"@id\":\"http:\/\/deporte.com.br\/?page_id=11\",\"url\":\"http:\/\/deporte.com.br\/?page_id=11\",\"name\":\"Localiza\u00e7\u00e3o - Deporte Brindes Importadora\",\"isPartOf\":{\"@id\":\"http:\/\/deporte.com.br\/#website\"},\"datePublished\":\"2011-06-27T15:20:07+00:00\",\"dateModified\":\"2023-07-13T13:41:48+00:00\",\"inLanguage\":\"pt-BR\",\"potentialAction\":[{\"@type\":\"ReadAction\",\"target\":[\"http:\/\/deporte.com.br\/?page_id=11\"]}]},{\"@type\":\"WebSite\",\"@id\":\"http:\/\/deporte.com.br\/#website\",\"url\":\"http:\/\/deporte.com.br\/\",\"name\":\"Deporte Brindes Importadora\",\"description\":\"Telefone: (11) 2953-2810 \/ Whats: (11) 9.4779-1422\",\"potentialAction\":[{\"@type\":\"SearchAction\",\"target\":{\"@type\":\"EntryPoint\",\"urlTemplate\":\"http:\/\/deporte.com.br\/?s={search_term_string}\"},\"query-input\":{\"@type\":\"PropertyValueSpecification\",\"valueRequired\":true,\"valueName\":\"search_term_string\"}}],\"inLanguage\":\"pt-BR\"}]}<\/script>\n<!-- \/ Yoast SEO plugin. -->","yoast_head_json":{"title":"Localiza\u00e7\u00e3o - Deporte Brindes Importadora","robots":{"index":"index","follow":"follow","max-snippet":"max-snippet:-1","max-image-preview":"max-image-preview:large","max-video-preview":"max-video-preview:-1"},"canonical":"http:\/\/deporte.com.br\/?page_id=11","schema":{"@context":"https:\/\/schema.org","@graph":[{"@type":"WebPage","@id":"http:\/\/deporte.com.br\/?page_id=11","url":"http:\/\/deporte.com.br\/?page_id=11","name":"Localiza\u00e7\u00e3o - Deporte Brindes Importadora","isPartOf":{"@id":"http:\/\/deporte.com.br\/#website"},"datePublished":"2011-06-27T15:20:07+00:00","dateModified":"2023-07-13T13:41:48+00:00","inLanguage":"pt-BR","potentialAction":[{"@type":"ReadAction","target":["http:\/\/deporte.com.br\/?page_id=11"]}]},{"@type":"WebSite","@id":"http:\/\/deporte.com.br\/#website","url":"http:\/\/deporte.com.br\/","name":"Deporte Brindes Importadora","description":"Telefone: (11) 2953-2810 \/ Whats: (11) 9.4779-1422","potentialAction":[{"@type":"SearchAction","target":{"@type":"EntryPoint","urlTemplate":"http:\/\/deporte.com.br\/?s={search_term_string}"},"query-input":{"@type":"PropertyValueSpecification","valueRequired":true,"valueName":"search_term_string"}}],"inLanguage":"pt-BR"}]}},"_links":{"self":[{"href":"http:\/\/deporte.com.br\/index.php?rest_route=\/wp\/v2\/pages\/11","targetHints":{"allow":["GET"]}}],"collection":[{"href":"http:\/\/deporte.com.br\/index.php?rest_route=\/wp\/v2\/pages"}],"about":[{"href":"http:\/\/deporte.com.br\/index.php?rest_route=\/wp\/v2\/types\/page"}],"author":[{"embeddable":true,"href":"http:\/\/deporte.com.br\/index.php?rest_route=\/wp\/v2\/users\/1"}],"replies":[{"embeddable":true,"href":"http:\/\/deporte.com.br\/index.php?rest_route=%2Fwp%2Fv2%2Fcomments&post=11"}],"version-history":[{"count":13,"href":"http:\/\/deporte.com.br\/index.php?rest_route=\/wp\/v2\/pages\/11\/revisions"}],"predecessor-version":[{"id":7405,"href":"http:\/\/deporte.com.br\/index.php?rest_route=\/wp\/v2\/pages\/11\/revisions\/7405"}],"wp:attachment":[{"href":"http:\/\/deporte.com.br\/index.php?rest_route=%2Fwp%2Fv2%2Fmedia&parent=11"}],"curies":[{"name":"wp","href":"https:\/\/api.w.org\/{rel}","templated":true}]}}