{"id":6,"date":"2011-06-27T15:18:38","date_gmt":"2011-06-27T15:18:38","guid":{"rendered":"http:\/\/deporte.com.br\/?page_id=6"},"modified":"2012-02-27T21:09:47","modified_gmt":"2012-02-27T21:09:47","slug":"empresa","status":"publish","type":"page","link":"http:\/\/deporte.com.br\/?page_id=6","title":{"rendered":"Empresa"},"content":{"rendered":"<h1 class=\"colorbox-link\"><span style=\"color: #008000;\">Deporte Brindes<\/span><\/h1>\n<p><span style=\"color: #000000;\">Ao longo dos v\u00e1rios anos de experi\u00eancia dos seus propriet\u00e1rios, a Deporte Brindes p\u00f4de acumular s\u00f3lidos conhecimentos profissionais para oferecer o melhor resultado no desenvolvimento da sua atividade: revenda de brindes.\u00a0<\/span><\/p>\n<p>A Deporte \u00e9 uma empresa que tem como principal premissa prestar servi\u00e7os especializados com QUALIDADE TOTAL, na medida da necessidade do cliente.<\/p>\n<p>Comercializa, dentre os seus produtos, materiais importados de primeira qualidade, rigorosamente selecionados entre o seu seleto grupo de fornecedores e parceiros.<\/p>\n<p>Por tudo isso, vem ao longo dos anos, consolidando a identidade de ser uma empresa que zela pela satisfa\u00e7\u00e3o dos seus clientes.<\/p>\n","protected":false},"excerpt":{"rendered":"<p>Deporte Brindes Ao longo dos v\u00e1rios anos de experi\u00eancia dos seus propriet\u00e1rios, a Deporte Brindes p\u00f4de acumular s\u00f3lidos conhecimentos profissionais para oferecer o melhor resultado no desenvolvimento da sua atividade: revenda de brindes.\u00a0 A Deporte \u00e9 uma empresa que tem como principal premissa prestar servi\u00e7os especializados com QUALIDADE TOTAL, na medida da necessidade do cliente. [&hellip;]<\/p>\n","protected":false},"author":1,"featured_media":0,"parent":0,"menu_order":0,"comment_status":"open","ping_status":"open","template":"page-sidebar.php","meta":{"footnotes":""},"class_list":["post-6","page","type-page","status-publish","hentry"],"yoast_head":"<!-- This site is optimized with the Yoast SEO plugin v24.4 - https:\/\/yoast.com\/wordpress\/plugins\/seo\/ -->\n<title>Empresa - Deporte Brindes Importadora<\/title>\n<meta name=\"robots\" content=\"index, follow, max-snippet:-1, max-image-preview:large, max-video-preview:-1\" \/>\n<link rel=\"canonical\" href=\"http:\/\/deporte.com.br\/?page_id=6\" \/>\n<meta name=\"twitter:label1\" content=\"Est. tempo de leitura\" \/>\n\t<meta name=\"twitter:data1\" content=\"1 minuto\" \/>\n<script type=\"application\/ld+json\" class=\"yoast-schema-graph\">{\"@context\":\"https:\/\/schema.org\",\"@graph\":[{\"@type\":\"WebPage\",\"@id\":\"http:\/\/deporte.com.br\/?page_id=6\",\"url\":\"http:\/\/deporte.com.br\/?page_id=6\",\"name\":\"Empresa - Deporte Brindes Importadora\",\"isPartOf\":{\"@id\":\"http:\/\/deporte.com.br\/#website\"},\"datePublished\":\"2011-06-27T15:18:38+00:00\",\"dateModified\":\"2012-02-27T21:09:47+00:00\",\"inLanguage\":\"pt-BR\",\"potentialAction\":[{\"@type\":\"ReadAction\",\"target\":[\"http:\/\/deporte.com.br\/?page_id=6\"]}]},{\"@type\":\"WebSite\",\"@id\":\"http:\/\/deporte.com.br\/#website\",\"url\":\"http:\/\/deporte.com.br\/\",\"name\":\"Deporte Brindes Importadora\",\"description\":\"Telefone: (11) 2953-2810 \/ Whats: (11) 9.4779-1422\",\"potentialAction\":[{\"@type\":\"SearchAction\",\"target\":{\"@type\":\"EntryPoint\",\"urlTemplate\":\"http:\/\/deporte.com.br\/?s={search_term_string}\"},\"query-input\":{\"@type\":\"PropertyValueSpecification\",\"valueRequired\":true,\"valueName\":\"search_term_string\"}}],\"inLanguage\":\"pt-BR\"}]}<\/script>\n<!-- \/ Yoast SEO plugin. -->","yoast_head_json":{"title":"Empresa - Deporte Brindes Importadora","robots":{"index":"index","follow":"follow","max-snippet":"max-snippet:-1","max-image-preview":"max-image-preview:large","max-video-preview":"max-video-preview:-1"},"canonical":"http:\/\/deporte.com.br\/?page_id=6","twitter_misc":{"Est. tempo de leitura":"1 minuto"},"schema":{"@context":"https:\/\/schema.org","@graph":[{"@type":"WebPage","@id":"http:\/\/deporte.com.br\/?page_id=6","url":"http:\/\/deporte.com.br\/?page_id=6","name":"Empresa - Deporte Brindes Importadora","isPartOf":{"@id":"http:\/\/deporte.com.br\/#website"},"datePublished":"2011-06-27T15:18:38+00:00","dateModified":"2012-02-27T21:09:47+00:00","inLanguage":"pt-BR","potentialAction":[{"@type":"ReadAction","target":["http:\/\/deporte.com.br\/?page_id=6"]}]},{"@type":"WebSite","@id":"http:\/\/deporte.com.br\/#website","url":"http:\/\/deporte.com.br\/","name":"Deporte Brindes Importadora","description":"Telefone: (11) 2953-2810 \/ Whats: (11) 9.4779-1422","potentialAction":[{"@type":"SearchAction","target":{"@type":"EntryPoint","urlTemplate":"http:\/\/deporte.com.br\/?s={search_term_string}"},"query-input":{"@type":"PropertyValueSpecification","valueRequired":true,"valueName":"search_term_string"}}],"inLanguage":"pt-BR"}]}},"_links":{"self":[{"href":"http:\/\/deporte.com.br\/index.php?rest_route=\/wp\/v2\/pages\/6","targetHints":{"allow":["GET"]}}],"collection":[{"href":"http:\/\/deporte.com.br\/index.php?rest_route=\/wp\/v2\/pages"}],"about":[{"href":"http:\/\/deporte.com.br\/index.php?rest_route=\/wp\/v2\/types\/page"}],"author":[{"embeddable":true,"href":"http:\/\/deporte.com.br\/index.php?rest_route=\/wp\/v2\/users\/1"}],"replies":[{"embeddable":true,"href":"http:\/\/deporte.com.br\/index.php?rest_route=%2Fwp%2Fv2%2Fcomments&post=6"}],"version-history":[{"count":8,"href":"http:\/\/deporte.com.br\/index.php?rest_route=\/wp\/v2\/pages\/6\/revisions"}],"predecessor-version":[{"id":2233,"href":"http:\/\/deporte.com.br\/index.php?rest_route=\/wp\/v2\/pages\/6\/revisions\/2233"}],"wp:attachment":[{"href":"http:\/\/deporte.com.br\/index.php?rest_route=%2Fwp%2Fv2%2Fmedia&parent=6"}],"curies":[{"name":"wp","href":"https:\/\/api.w.org\/{rel}","templated":true}]}}